{"id":9,"date":"2023-03-09T11:30:45","date_gmt":"2023-03-09T14:30:45","guid":{"rendered":"https:\/\/sandrakuwer.com.br\/?page_id=9"},"modified":"2025-02-22T23:19:29","modified_gmt":"2025-02-23T02:19:29","slug":"home","status":"publish","type":"page","link":"https:\/\/sandrakuwer.com.br\/","title":{"rendered":"Home"},"content":{"rendered":"\t\t<div data-elementor-type=\"wp-page\" data-elementor-id=\"9\" class=\"elementor elementor-9\">\n\t\t\t\t\t\t\t<div class=\"elementor-element elementor-element-bee4d21 e-con-boxed wpr-particle-no wpr-jarallax-no wpr-parallax-no wpr-sticky-section-no e-con\" data-id=\"bee4d21\" data-element_type=\"container\" data-settings=\"{&quot;background_background&quot;:&quot;classic&quot;,&quot;content_width&quot;:&quot;boxed&quot;}\">\n\t\t\t\t\t<div class=\"e-con-inner\">\n\t\t\t\t<div class=\"elementor-element elementor-element-0f5cb86 animated-slow elementor-invisible elementor-widget elementor-widget-heading\" data-id=\"0f5cb86\" data-element_type=\"widget\" data-settings=\"{&quot;_animation&quot;:&quot;fadeInRight&quot;}\" data-widget_type=\"heading.default\">\n\t\t\t\t<div class=\"elementor-widget-container\">\n\t\t\t<style>\/*! elementor - v3.11.3 - 07-03-2023 *\/\n.elementor-heading-title{padding:0;margin:0;line-height:1}.elementor-widget-heading .elementor-heading-title[class*=elementor-size-]>a{color:inherit;font-size:inherit;line-height:inherit}.elementor-widget-heading .elementor-heading-title.elementor-size-small{font-size:15px}.elementor-widget-heading .elementor-heading-title.elementor-size-medium{font-size:19px}.elementor-widget-heading .elementor-heading-title.elementor-size-large{font-size:29px}.elementor-widget-heading .elementor-heading-title.elementor-size-xl{font-size:39px}.elementor-widget-heading .elementor-heading-title.elementor-size-xxl{font-size:59px}<\/style><h2 class=\"elementor-heading-title elementor-size-default\">Transformando sua vida, cultivando novos h\u00e1bitos para mais sa\u00fade e longevidade.<\/h2>\t\t<\/div>\n\t\t\t\t<\/div>\n\t\t\t\t<div class=\"elementor-element elementor-element-fd56dba elementor-widget elementor-widget-spacer\" data-id=\"fd56dba\" data-element_type=\"widget\" data-widget_type=\"spacer.default\">\n\t\t\t\t<div class=\"elementor-widget-container\">\n\t\t\t<style>\/*! elementor - v3.11.3 - 07-03-2023 *\/\n.elementor-column .elementor-spacer-inner{height:var(--spacer-size)}.e-con{--container-widget-width:100%}.e-con-inner>.elementor-widget-spacer,.e-con>.elementor-widget-spacer{width:var(--container-widget-width,var(--spacer-size));--align-self:var(--container-widget-align-self,initial);--flex-shrink:0}.e-con-inner>.elementor-widget-spacer>.elementor-widget-container,.e-con-inner>.elementor-widget-spacer>.elementor-widget-container>.elementor-spacer,.e-con>.elementor-widget-spacer>.elementor-widget-container,.e-con>.elementor-widget-spacer>.elementor-widget-container>.elementor-spacer{height:100%}.e-con-inner>.elementor-widget-spacer>.elementor-widget-container>.elementor-spacer>.elementor-spacer-inner,.e-con>.elementor-widget-spacer>.elementor-widget-container>.elementor-spacer>.elementor-spacer-inner{height:var(--container-widget-height,var(--spacer-size))}<\/style>\t\t<div class=\"elementor-spacer\">\n\t\t\t<div class=\"elementor-spacer-inner\"><\/div>\n\t\t<\/div>\n\t\t\t\t<\/div>\n\t\t\t\t<\/div>\n\t\t\t\t<div class=\"elementor-element elementor-element-7ff8a3e animated-slow elementor-invisible elementor-widget elementor-widget-heading\" data-id=\"7ff8a3e\" data-element_type=\"widget\" data-settings=\"{&quot;_animation&quot;:&quot;fadeInLeft&quot;}\" data-widget_type=\"heading.default\">\n\t\t\t\t<div class=\"elementor-widget-container\">\n\t\t\t<h2 class=\"elementor-heading-title elementor-size-default\">PREVEN\u00c7\u00c3O \u2022  SA\u00daDE \u2022 LONGEVIDADE<\/h2>\t\t<\/div>\n\t\t\t\t<\/div>\n\t\t\t\t<div class=\"elementor-element elementor-element-c201cc2 elementor-widget elementor-widget-spacer\" data-id=\"c201cc2\" data-element_type=\"widget\" data-widget_type=\"spacer.default\">\n\t\t\t\t<div class=\"elementor-widget-container\">\n\t\t\t\t\t<div class=\"elementor-spacer\">\n\t\t\t<div class=\"elementor-spacer-inner\"><\/div>\n\t\t<\/div>\n\t\t\t\t<\/div>\n\t\t\t\t<\/div>\n\t\t\t\t<div class=\"elementor-element elementor-element-bcd842c animated-slow elementor-widget__width-inherit elementor-invisible elementor-widget elementor-widget-heading\" data-id=\"bcd842c\" data-element_type=\"widget\" data-settings=\"{&quot;_animation&quot;:&quot;fadeIn&quot;}\" data-widget_type=\"heading.default\">\n\t\t\t\t<div class=\"elementor-widget-container\">\n\t\t\t<h2 class=\"elementor-heading-title elementor-size-default\">Qi Gong - LIAN GONG - MASSOTERAPIA - ACUPUNTURA<\/h2>\t\t<\/div>\n\t\t\t\t<\/div>\n\t\t\t\t\t<\/div>\n\t\t\t\t<\/div>\n\t\t<div class=\"elementor-element elementor-element-662ac48 e-con-boxed wpr-particle-no wpr-jarallax-no wpr-parallax-no wpr-sticky-section-no e-con\" data-id=\"662ac48\" data-element_type=\"container\" id=\"blog\" data-settings=\"{&quot;background_background&quot;:&quot;classic&quot;,&quot;content_width&quot;:&quot;boxed&quot;}\">\n\t\t\t\t\t<div class=\"e-con-inner\">\n\t\t\t\t<div class=\"elementor-element elementor-element-7fe2530 animated-slow elementor-invisible elementor-widget elementor-widget-heading\" data-id=\"7fe2530\" data-element_type=\"widget\" data-settings=\"{&quot;_animation&quot;:&quot;fadeIn&quot;}\" data-widget_type=\"heading.default\">\n\t\t\t\t<div class=\"elementor-widget-container\">\n\t\t\t<h2 class=\"elementor-heading-title elementor-size-default\">Blog ESPIRAL DA LONGEVIDADE<\/h2>\t\t<\/div>\n\t\t\t\t<\/div>\n\t\t\t\t<div class=\"elementor-element elementor-element-749c721 animated-slow elementor-invisible elementor-widget elementor-widget-heading\" data-id=\"749c721\" data-element_type=\"widget\" data-settings=\"{&quot;_animation&quot;:&quot;fadeIn&quot;}\" data-widget_type=\"heading.default\">\n\t\t\t\t<div class=\"elementor-widget-container\">\n\t\t\t<h2 class=\"elementor-heading-title elementor-size-default\">Mantenha-se informado com dicas para uma vida saud\u00e1vel<\/h2>\t\t<\/div>\n\t\t\t\t<\/div>\n\t\t\t\t<div class=\"elementor-element elementor-element-e366dad elementor-widget-mobile__width-initial upk-primary-meta-end-position--yes elementor-widget elementor-widget-upk-alter-grid\" data-id=\"e366dad\" data-element_type=\"widget\" data-settings=\"{&quot;upk_in_animation_show&quot;:&quot;yes&quot;}\" data-widget_type=\"upk-alter-grid.default\">\n\t\t\t\t<div class=\"elementor-widget-container\">\n\t\t\t\n\t\t<div class=\"upk-alter-grid\">\n\t\t\t<div class=\"upk-post-grid upk-style-1 upk-in-animation\" data-in-animation-delay=\"\">\n\n\t\t\t\t\n\t\t\t\t\t\t\t<div class=\"upk-item\">\n\t\t\t<div class=\"upk-item-box\">\n\t\t\t\t<div class=\"upk-img-wrap\">\n\t\t\t\t\t<div class=\"upk-main-img\">\n\t\t\t\t\t\t<img width=\"865\" height=\"450\" src=\"https:\/\/sandrakuwer.com.br\/wp-content\/uploads\/2023\/03\/SITE_sandra-kuwer_THAI.png\" class=\"upk-img\" alt=\"&lt;strong&gt;Thai Massagem (Nuad Thai Bo-Rarn)&lt;\/strong&gt;\" decoding=\"async\" loading=\"lazy\" srcset=\"https:\/\/sandrakuwer.com.br\/wp-content\/uploads\/2023\/03\/SITE_sandra-kuwer_THAI.png 865w, https:\/\/sandrakuwer.com.br\/wp-content\/uploads\/2023\/03\/SITE_sandra-kuwer_THAI-300x156.png 300w, https:\/\/sandrakuwer.com.br\/wp-content\/uploads\/2023\/03\/SITE_sandra-kuwer_THAI-768x400.png 768w, https:\/\/sandrakuwer.com.br\/wp-content\/uploads\/2023\/03\/SITE_sandra-kuwer_THAI-600x312.png 600w\" sizes=\"(max-width: 865px) 100vw, 865px\" \/>\t\t\t\t\t\t\t\t\t\t\t\t\t\t\t\t\t<\/div>\n\t\t\t\t<\/div>\n\n\t\t\t\t<div class=\"upk-content\">\n\t\t\t\t\t<div>\n\n\t\t\t\t\t\t\t\t<div class=\"upk-category\">\r\n\t\t\t<a href=\"https:\/\/sandrakuwer.com.br\/index.php\/category\/massagem\/\">Massagem<\/a> <a href=\"https:\/\/sandrakuwer.com.br\/index.php\/category\/thai-massagem\/\">Thai Massagem<\/a>\t\t<\/div>\r\n\t\n\t\t\t\t\t\t<h3 class=\"upk-title\"><a href=\"https:\/\/sandrakuwer.com.br\/index.php\/2023\/03\/13\/thai-massagem-nuad-thai-bo-rarn\/\" title=\"<strong>Thai Massagem (Nuad Thai Bo-Rarn)<\/strong>\" class=\"title-animation-underline\" ><strong>Thai Massagem (Nuad Thai Bo-Rarn)<\/strong><\/a><\/h3>\t\t\t\t\t\t<div class=\"upk-text-wrap\">\n\t\t\t\t\t\t\t\t\t<div class=\"upk-text\">\r\n\t\t\t<p>\u00c9 uma massagem terap\u00eautica completa que busca reestabelecer o equil\u00edbrio do corpo, mente e esp\u00edrito atrav\u00e9s da combina\u00e7\u00e3o de alongamentos, mobiliza\u00e7\u00f5es articulares, tor\u00e7\u00f5es e press\u00f5es em pontos energ\u00e9ticos, aliados a<\/p>\n\t\t<\/div>\r\n\t\t\t\t\t\t\t\t\t\t\t\t\t\t<\/div>\n\n\t\t\t\t\t\t\n\t\t\t\t\t<\/div>\n\t\t\t\t<\/div>\n\n\t\t\t<\/div>\n\t\t<\/div>\n\t\n\t\t\t\t\n\t\t\t\t\t\t\t<div class=\"upk-item\">\n\t\t\t<div class=\"upk-item-box\">\n\t\t\t\t<div class=\"upk-img-wrap\">\n\t\t\t\t\t<div class=\"upk-main-img\">\n\t\t\t\t\t\t<img width=\"865\" height=\"450\" src=\"https:\/\/sandrakuwer.com.br\/wp-content\/uploads\/2023\/03\/SITE_sandra-kuwer_reiki.png\" class=\"upk-img\" alt=\"Reiki Xam\u00e2nico\" decoding=\"async\" loading=\"lazy\" srcset=\"https:\/\/sandrakuwer.com.br\/wp-content\/uploads\/2023\/03\/SITE_sandra-kuwer_reiki.png 865w, https:\/\/sandrakuwer.com.br\/wp-content\/uploads\/2023\/03\/SITE_sandra-kuwer_reiki-300x156.png 300w, https:\/\/sandrakuwer.com.br\/wp-content\/uploads\/2023\/03\/SITE_sandra-kuwer_reiki-768x400.png 768w, https:\/\/sandrakuwer.com.br\/wp-content\/uploads\/2023\/03\/SITE_sandra-kuwer_reiki-600x312.png 600w\" sizes=\"(max-width: 865px) 100vw, 865px\" \/>\t\t\t\t\t\t\t\t\t\t\t\t\t\t\t\t\t<\/div>\n\t\t\t\t<\/div>\n\n\t\t\t\t<div class=\"upk-content\">\n\t\t\t\t\t<div>\n\n\t\t\t\t\t\t\t\t<div class=\"upk-category\">\r\n\t\t\t<a href=\"https:\/\/sandrakuwer.com.br\/index.php\/category\/reiki\/\">Reiki<\/a>\t\t<\/div>\r\n\t\n\t\t\t\t\t\t<h3 class=\"upk-title\"><a href=\"https:\/\/sandrakuwer.com.br\/index.php\/2023\/03\/09\/reiki-xamanico\/\" title=\"Reiki Xam\u00e2nico\" class=\"title-animation-underline\" >Reiki Xam\u00e2nico<\/a><\/h3>\t\t\t\t\t\t<div class=\"upk-text-wrap\">\n\t\t\t\t\t\t\t\t\t<div class=\"upk-text\">\r\n\t\t\t<p>Reiki \u00e9 uma pr\u00e1tica de imposi\u00e7\u00e3o de m\u00e3os com origem nas medita\u00e7\u00f5es dos monges tibetanos. Foi redescoberta e organizada pelo monge japon\u00eas Mikao Usui. Xamanismo \u00e9 a mais antiga tradi\u00e7\u00e3o<\/p>\n\t\t<\/div>\r\n\t\t\t\t\t\t\t\t\t\t\t\t\t\t<\/div>\n\n\t\t\t\t\t\t\n\t\t\t\t\t<\/div>\n\t\t\t\t<\/div>\n\n\t\t\t<\/div>\n\t\t<\/div>\n\t\n\t\t\t\t\n\t\t\t\t\t\t\t<div class=\"upk-item\">\n\t\t\t<div class=\"upk-item-box\">\n\t\t\t\t<div class=\"upk-img-wrap\">\n\t\t\t\t\t<div class=\"upk-main-img\">\n\t\t\t\t\t\t<img width=\"865\" height=\"450\" src=\"https:\/\/sandrakuwer.com.br\/wp-content\/uploads\/2023\/03\/SITE_sandra-kuwer_quick-1.png\" class=\"upk-img\" alt=\"Conhece a hist\u00f3ria da Quick Massagem?\" decoding=\"async\" loading=\"lazy\" srcset=\"https:\/\/sandrakuwer.com.br\/wp-content\/uploads\/2023\/03\/SITE_sandra-kuwer_quick-1.png 865w, https:\/\/sandrakuwer.com.br\/wp-content\/uploads\/2023\/03\/SITE_sandra-kuwer_quick-1-300x156.png 300w, https:\/\/sandrakuwer.com.br\/wp-content\/uploads\/2023\/03\/SITE_sandra-kuwer_quick-1-768x400.png 768w, https:\/\/sandrakuwer.com.br\/wp-content\/uploads\/2023\/03\/SITE_sandra-kuwer_quick-1-600x312.png 600w\" sizes=\"(max-width: 865px) 100vw, 865px\" \/>\t\t\t\t\t\t\t\t\t\t\t\t\t\t\t\t\t<\/div>\n\t\t\t\t<\/div>\n\n\t\t\t\t<div class=\"upk-content\">\n\t\t\t\t\t<div>\n\n\t\t\t\t\t\t\t\t<div class=\"upk-category\">\r\n\t\t\t<a href=\"https:\/\/sandrakuwer.com.br\/index.php\/category\/massagem\/\">Massagem<\/a>\t\t<\/div>\r\n\t\n\t\t\t\t\t\t<h3 class=\"upk-title\"><a href=\"https:\/\/sandrakuwer.com.br\/index.php\/2023\/03\/09\/conhece-a-historia-da-quick-massagem\/\" title=\"Conhece a hist\u00f3ria da Quick Massagem?\" class=\"title-animation-underline\" >Conhece a hist\u00f3ria da Quick Massagem?<\/a><\/h3>\t\t\t\t\t\t<div class=\"upk-text-wrap\">\n\t\t\t\t\t\t\t\t\t<div class=\"upk-text\">\r\n\t\t\t<p>Esse tipo de massagem surgiu para diminuir o estresse sentido pela press\u00e3o do dia a dia moderno \u2014&nbsp;que se intensificou&nbsp;a partir dos anos 1980. Seu sucesso se deve gra\u00e7as aos<\/p>\n\t\t<\/div>\r\n\t\t\t\t\t\t\t\t\t\t\t\t\t\t<\/div>\n\n\t\t\t\t\t\t\n\t\t\t\t\t<\/div>\n\t\t\t\t<\/div>\n\n\t\t\t<\/div>\n\t\t<\/div>\n\t\n\t\t\t\t\t\t\t<\/div>\n\t\t<\/div>\n\n\t\t\t\t<\/div>\n\t\t\t\t<\/div>\n\t\t\t\t<div class=\"elementor-element elementor-element-d94d723 elementor-align-center elementor-invisible elementor-widget elementor-widget-button\" data-id=\"d94d723\" data-element_type=\"widget\" data-settings=\"{&quot;_animation&quot;:&quot;bounceIn&quot;}\" data-widget_type=\"button.default\">\n\t\t\t\t<div class=\"elementor-widget-container\">\n\t\t\t\t\t<div class=\"elementor-button-wrapper\">\n\t\t\t<a href=\"https:\/\/sandrakuwer.com.br\/index.php\/blog\/\" class=\"elementor-button-link elementor-button elementor-size-sm\" role=\"button\">\n\t\t\t\t\t\t<span class=\"elementor-button-content-wrapper\">\n\t\t\t\t\t\t<span class=\"elementor-button-text\">ACESSAR O BLOG<\/span>\n\t\t<\/span>\n\t\t\t\t\t<\/a>\n\t\t<\/div>\n\t\t\t\t<\/div>\n\t\t\t\t<\/div>\n\t\t\t\t\t<\/div>\n\t\t\t\t<\/div>\n\t\t<div class=\"elementor-element elementor-element-6e1b745 e-con-boxed wpr-particle-no wpr-jarallax-no wpr-parallax-no wpr-sticky-section-no e-con\" data-id=\"6e1b745\" data-element_type=\"container\" id=\"contato\" data-settings=\"{&quot;background_background&quot;:&quot;classic&quot;,&quot;content_width&quot;:&quot;boxed&quot;}\">\n\t\t\t\t\t<div class=\"e-con-inner\">\n\t\t<div class=\"elementor-element elementor-element-91c4cf8 e-con-full wpr-particle-no wpr-jarallax-no wpr-parallax-no wpr-sticky-section-no e-con\" data-id=\"91c4cf8\" data-element_type=\"container\" data-settings=\"{&quot;content_width&quot;:&quot;full&quot;}\">\n\t\t\t\t<div class=\"elementor-element elementor-element-6a249b9 animated-slow elementor-invisible elementor-widget elementor-widget-heading\" data-id=\"6a249b9\" data-element_type=\"widget\" data-settings=\"{&quot;_animation&quot;:&quot;fadeIn&quot;}\" data-widget_type=\"heading.default\">\n\t\t\t\t<div class=\"elementor-widget-container\">\n\t\t\t<h2 class=\"elementor-heading-title elementor-size-default\">FALE COMIGO<\/h2>\t\t<\/div>\n\t\t\t\t<\/div>\n\t\t\t\t<div class=\"elementor-element elementor-element-e2237d1 animated-slow elementor-invisible elementor-widget elementor-widget-heading\" data-id=\"e2237d1\" data-element_type=\"widget\" data-settings=\"{&quot;_animation&quot;:&quot;fadeIn&quot;}\" data-widget_type=\"heading.default\">\n\t\t\t\t<div class=\"elementor-widget-container\">\n\t\t\t<h2 class=\"elementor-heading-title elementor-size-default\">Pelo canal de atendimento ao cliente estou dispon\u00edvel para atend\u00ea-lo (a) da melhor forma<\/h2>\t\t<\/div>\n\t\t\t\t<\/div>\n\t\t\t\t<div class=\"elementor-element elementor-element-a64d845 animated-slow elementor-icon-list--layout-traditional elementor-list-item-link-full_width elementor-invisible elementor-widget elementor-widget-icon-list\" data-id=\"a64d845\" data-element_type=\"widget\" data-settings=\"{&quot;_animation&quot;:&quot;fadeIn&quot;}\" data-widget_type=\"icon-list.default\">\n\t\t\t\t<div class=\"elementor-widget-container\">\n\t\t\t<link rel=\"stylesheet\" href=\"https:\/\/sandrakuwer.com.br\/wp-content\/plugins\/elementor\/assets\/css\/widget-icon-list.min.css\">\t\t<ul class=\"elementor-icon-list-items\">\n\t\t\t\t\t\t\t<li class=\"elementor-icon-list-item\">\n\t\t\t\t\t\t\t\t\t\t\t<span class=\"elementor-icon-list-icon\">\n\t\t\t\t\t\t\t<i aria-hidden=\"true\" class=\"fas fa-phone\"><\/i>\t\t\t\t\t\t<\/span>\n\t\t\t\t\t\t\t\t\t\t<span class=\"elementor-icon-list-text\">54 999672024<\/span>\n\t\t\t\t\t\t\t\t\t<\/li>\n\t\t\t\t\t\t\t\t<li class=\"elementor-icon-list-item\">\n\t\t\t\t\t\t\t\t\t\t\t<a href=\"https:\/\/wa.me\/5554999672024?text=Logo+entraremos+em+contato.+Obrigado.\">\n\n\t\t\t\t\t\t\t\t\t\t\t\t<span class=\"elementor-icon-list-icon\">\n\t\t\t\t\t\t\t<i aria-hidden=\"true\" class=\"fab fa-whatsapp\"><\/i>\t\t\t\t\t\t<\/span>\n\t\t\t\t\t\t\t\t\t\t<span class=\"elementor-icon-list-text\">54 999672024<\/span>\n\t\t\t\t\t\t\t\t\t\t\t<\/a>\n\t\t\t\t\t\t\t\t\t<\/li>\n\t\t\t\t\t\t\t\t<li class=\"elementor-icon-list-item\">\n\t\t\t\t\t\t\t\t\t\t\t<span class=\"elementor-icon-list-icon\">\n\t\t\t\t\t\t\t<i aria-hidden=\"true\" class=\"far fa-envelope\"><\/i>\t\t\t\t\t\t<\/span>\n\t\t\t\t\t\t\t\t\t\t<span class=\"elementor-icon-list-text\">sandra.kuwer@gmail.com<\/span>\n\t\t\t\t\t\t\t\t\t<\/li>\n\t\t\t\t\t\t\t\t<li class=\"elementor-icon-list-item\">\n\t\t\t\t\t\t\t\t\t\t\t<span class=\"elementor-icon-list-icon\">\n\t\t\t\t\t\t\t<i aria-hidden=\"true\" class=\"fas fa-map-marker-alt\"><\/i>\t\t\t\t\t\t<\/span>\n\t\t\t\t\t\t\t\t\t\t<span class=\"elementor-icon-list-text\">Espa\u00e7o Espiral<br> Rua Moreira C\u00e9sar, 2230 <br>Na sobreloja da Clinica Integrada Vida e Sa\u00fade (pr\u00f3ximo ao Sesc).<\/span>\n\t\t\t\t\t\t\t\t\t<\/li>\n\t\t\t\t\t\t<\/ul>\n\t\t\t\t<\/div>\n\t\t\t\t<\/div>\n\t\t\t\t<div class=\"elementor-element elementor-element-620f8cc elementor-align-left elementor-widget elementor-widget-button\" data-id=\"620f8cc\" data-element_type=\"widget\" data-widget_type=\"button.default\">\n\t\t\t\t<div class=\"elementor-widget-container\">\n\t\t\t\t\t<div class=\"elementor-button-wrapper\">\n\t\t\t<a href=\"https:\/\/wa.me\/5554999672024?text=Logo+entraremos+em+contato.+Obrigado.\" class=\"elementor-button-link elementor-button elementor-size-sm\" role=\"button\">\n\t\t\t\t\t\t<span class=\"elementor-button-content-wrapper\">\n\t\t\t\t\t\t\t<span class=\"elementor-button-icon elementor-align-icon-left\">\n\t\t\t\t<i aria-hidden=\"true\" class=\"fab fa-whatsapp\"><\/i>\t\t\t<\/span>\n\t\t\t\t\t\t<span class=\"elementor-button-text\">ENTRE EM CONTATO PELO WHATSAPP<\/span>\n\t\t<\/span>\n\t\t\t\t\t<\/a>\n\t\t<\/div>\n\t\t\t\t<\/div>\n\t\t\t\t<\/div>\n\t\t\t\t<\/div>\n\t\t<div class=\"elementor-element elementor-element-285717a e-con-full wpr-particle-no wpr-jarallax-no wpr-parallax-no wpr-sticky-section-no e-con\" data-id=\"285717a\" data-element_type=\"container\" data-settings=\"{&quot;content_width&quot;:&quot;full&quot;}\">\n\t\t\t\t<div class=\"elementor-element elementor-element-d3a881c animated-slow elementor-invisible elementor-widget elementor-widget-google_maps\" data-id=\"d3a881c\" data-element_type=\"widget\" data-settings=\"{&quot;_animation&quot;:&quot;fadeIn&quot;}\" data-widget_type=\"google_maps.default\">\n\t\t\t\t<div class=\"elementor-widget-container\">\n\t\t\t<style>\/*! elementor - v3.11.3 - 07-03-2023 *\/\n.elementor-widget-google_maps .elementor-widget-container{overflow:hidden}.elementor-widget-google_maps .elementor-custom-embed{line-height:0}.elementor-widget-google_maps iframe{height:300px}<\/style>\t\t<div class=\"elementor-custom-embed\">\n\t\t\t<iframe loading=\"lazy\"\n\t\t\t\t\tsrc=\"https:\/\/maps.google.com\/maps?q=Rua%20moreira%20cesar%2C%202230&#038;t=m&#038;z=16&#038;output=embed&#038;iwloc=near\"\n\t\t\t\t\ttitle=\"Rua moreira cesar, 2230\"\n\t\t\t\t\taria-label=\"Rua moreira cesar, 2230\"\n\t\t\t><\/iframe>\n\t\t<\/div>\n\t\t\t\t<\/div>\n\t\t\t\t<\/div>\n\t\t\t\t<\/div>\n\t\t\t\t\t<\/div>\n\t\t\t\t<\/div>\n\t\t\t\t\t\t\t<\/div>\n\t\t","protected":false},"excerpt":{"rendered":"<p>Transformando sua vida, cultivando novos h\u00e1bitos para mais sa\u00fade e longevidade. PREVEN\u00c7\u00c3O \u2022 SA\u00daDE \u2022 LONGEVIDADE Qi Gong &#8211; LIAN GONG &#8211; MASSOTERAPIA &#8211; ACUPUNTURA Blog ESPIRAL DA LONGEVIDADE Mantenha-se informado com dicas para uma vida saud\u00e1vel Massagem Thai Massagem<\/p>\n","protected":false},"author":1,"featured_media":0,"parent":0,"menu_order":0,"comment_status":"closed","ping_status":"closed","template":"elementor_header_footer","meta":[],"_links":{"self":[{"href":"https:\/\/sandrakuwer.com.br\/index.php\/wp-json\/wp\/v2\/pages\/9"}],"collection":[{"href":"https:\/\/sandrakuwer.com.br\/index.php\/wp-json\/wp\/v2\/pages"}],"about":[{"href":"https:\/\/sandrakuwer.com.br\/index.php\/wp-json\/wp\/v2\/types\/page"}],"author":[{"embeddable":true,"href":"https:\/\/sandrakuwer.com.br\/index.php\/wp-json\/wp\/v2\/users\/1"}],"replies":[{"embeddable":true,"href":"https:\/\/sandrakuwer.com.br\/index.php\/wp-json\/wp\/v2\/comments?post=9"}],"version-history":[{"count":226,"href":"https:\/\/sandrakuwer.com.br\/index.php\/wp-json\/wp\/v2\/pages\/9\/revisions"}],"predecessor-version":[{"id":1171,"href":"https:\/\/sandrakuwer.com.br\/index.php\/wp-json\/wp\/v2\/pages\/9\/revisions\/1171"}],"wp:attachment":[{"href":"https:\/\/sandrakuwer.com.br\/index.php\/wp-json\/wp\/v2\/media?parent=9"}],"curies":[{"name":"wp","href":"https:\/\/api.w.org\/{rel}","templated":true}]}}