{"id":543,"date":"2023-07-24T15:35:37","date_gmt":"2023-07-24T18:35:37","guid":{"rendered":"https:\/\/sandrakuwer.com.br\/?page_id=543"},"modified":"2026-01-23T10:21:35","modified_gmt":"2026-01-23T13:21:35","slug":"sobre-mim-2","status":"publish","type":"page","link":"https:\/\/sandrakuwer.com.br\/index.php\/sobre-mim-2\/","title":{"rendered":"SOBRE MIM"},"content":{"rendered":"\t\t<div data-elementor-type=\"wp-page\" data-elementor-id=\"543\" class=\"elementor elementor-543\">\n\t\t\t\t\t\t\t<div class=\"elementor-element elementor-element-408ca78 e-con-boxed wpr-particle-no wpr-jarallax-no wpr-parallax-no wpr-sticky-section-no e-con\" data-id=\"408ca78\" data-element_type=\"container\" data-settings=\"{&quot;background_background&quot;:&quot;classic&quot;,&quot;content_width&quot;:&quot;boxed&quot;}\">\n\t\t\t\t\t<div class=\"e-con-inner\">\n\t\t<div class=\"elementor-element elementor-element-8f35dc1 e-con-full wpr-particle-no wpr-jarallax-no wpr-parallax-no wpr-sticky-section-no e-con\" data-id=\"8f35dc1\" data-element_type=\"container\" data-settings=\"{&quot;content_width&quot;:&quot;full&quot;}\">\n\t\t\t\t<div class=\"elementor-element elementor-element-b4572af elementor-widget elementor-widget-heading\" data-id=\"b4572af\" data-element_type=\"widget\" data-widget_type=\"heading.default\">\n\t\t\t\t<div class=\"elementor-widget-container\">\n\t\t\t<style>\/*! elementor - v3.11.3 - 07-03-2023 *\/\n.elementor-heading-title{padding:0;margin:0;line-height:1}.elementor-widget-heading .elementor-heading-title[class*=elementor-size-]>a{color:inherit;font-size:inherit;line-height:inherit}.elementor-widget-heading .elementor-heading-title.elementor-size-small{font-size:15px}.elementor-widget-heading .elementor-heading-title.elementor-size-medium{font-size:19px}.elementor-widget-heading .elementor-heading-title.elementor-size-large{font-size:29px}.elementor-widget-heading .elementor-heading-title.elementor-size-xl{font-size:39px}.elementor-widget-heading .elementor-heading-title.elementor-size-xxl{font-size:59px}<\/style><h2 class=\"elementor-heading-title elementor-size-default\">Ol\u00e1, sou a<\/h2>\t\t<\/div>\n\t\t\t\t<\/div>\n\t\t\t\t<div class=\"elementor-element elementor-element-a384b53 elementor-widget elementor-widget-heading\" data-id=\"a384b53\" data-element_type=\"widget\" data-widget_type=\"heading.default\">\n\t\t\t\t<div class=\"elementor-widget-container\">\n\t\t\t<h2 class=\"elementor-heading-title elementor-size-default\">Sandra Kuwer<\/h2>\t\t<\/div>\n\t\t\t\t<\/div>\n\t\t\t\t<div class=\"elementor-element elementor-element-c9e72bb elementor-widget elementor-widget-text-editor\" data-id=\"c9e72bb\" data-element_type=\"widget\" data-widget_type=\"text-editor.default\">\n\t\t\t\t<div class=\"elementor-widget-container\">\n\t\t\t<style>\/*! elementor - v3.11.3 - 07-03-2023 *\/\n.elementor-widget-text-editor.elementor-drop-cap-view-stacked .elementor-drop-cap{background-color:#818a91;color:#fff}.elementor-widget-text-editor.elementor-drop-cap-view-framed .elementor-drop-cap{color:#818a91;border:3px solid;background-color:transparent}.elementor-widget-text-editor:not(.elementor-drop-cap-view-default) .elementor-drop-cap{margin-top:8px}.elementor-widget-text-editor:not(.elementor-drop-cap-view-default) .elementor-drop-cap-letter{width:1em;height:1em}.elementor-widget-text-editor .elementor-drop-cap{float:left;text-align:center;line-height:1;font-size:50px}.elementor-widget-text-editor .elementor-drop-cap-letter{display:inline-block}<\/style>\t\t\t\t<h3 data-path-to-node=\"4\"><span style=\"color: rgba(33, 33, 33, 0.87); font-family: &quot;Roboto Condensed&quot;, sans-serif; font-size: 18px; letter-spacing: 0px;\">Sou <\/span><b data-path-to-node=\"5\" data-index-in-node=\"4\" style=\"color: rgba(33, 33, 33, 0.87); font-family: &quot;Roboto Condensed&quot;, sans-serif; font-size: 18px; letter-spacing: 0px;\">Terapeuta de Sa\u00fade Integrativa<\/b><span style=\"color: rgba(33, 33, 33, 0.87); font-family: &quot;Roboto Condensed&quot;, sans-serif; font-size: 18px; letter-spacing: 0px;\"> com 20 anos de experi\u00eancia dedicados \u00e0 promo\u00e7\u00e3o da longevidade e vitalidade. Minha pr\u00e1tica une a sabedoria das artes corporais orientais, como o Qi Gong, \u00e0 fundamenta\u00e7\u00e3o t\u00e9cnica da Massoterapia Cl\u00ednica e aos estudos em Gerontologia.<\/span><\/h3>\n<p data-path-to-node=\"6\">Acredito que a sa\u00fade integral nasce do equil\u00edbrio entre o corpo, a mente e a circula\u00e7\u00e3o da nossa energia vital. Por isso, minha jornada \u00e9 pautada pelo estudo cont\u00ednuo e pela integra\u00e7\u00e3o de saberes que promovem o bem-estar real e a autonomia de cada indiv\u00edduo.<\/p>\n<p data-path-to-node=\"7\"><b data-path-to-node=\"7\" data-index-in-node=\"0\">Minha Base de Atua\u00e7\u00e3o:<\/b><\/p>\n<ul data-path-to-node=\"8\">\n<li>\n<p data-path-to-node=\"8,0,0\"><b data-path-to-node=\"8,0,0\" data-index-in-node=\"0\">Artes Corporais Chinesas e MTC:<\/b> Sou professora e instrutora de <b data-path-to-node=\"8,0,0\" data-index-in-node=\"63\">Qi Gong<\/b> e <b data-path-to-node=\"8,0,0\" data-index-in-node=\"73\">Lian Gong em 18 Terapias<\/b>, formada pelo Instituto Wulindao e Associa\u00e7\u00e3o Brasileira de LG18T, al\u00e9m de estudos com a pesquisadora Maria Lucia Lee. Complemento esse cuidado com a pr\u00e1tica da <b data-path-to-node=\"8,0,0\" data-index-in-node=\"238\">Acupuntura e Auriculoterapia<\/b>, ferramentas fundamentais para o reequil\u00edbrio energ\u00e9tico e tratamento de dores.<\/p>\n<\/li>\n<li>\n<p data-path-to-node=\"8,1,0\"><b data-path-to-node=\"8,1,0\" data-index-in-node=\"0\">Massoterapia Cl\u00ednica:<\/b> Com duas d\u00e9cadas de experi\u00eancia, utilizo o toque terap\u00eautico para oferecer al\u00edvio, presen\u00e7a e recupera\u00e7\u00e3o f\u00edsica. Minha forma\u00e7\u00e3o inclui Massoterapia, Thai Massage, Libera\u00e7\u00e3o Miofacial, New Seitai.<\/p>\n<\/li>\n<li>\n<p data-path-to-node=\"8,2,0\"><b data-path-to-node=\"8,2,0\" data-index-in-node=\"0\">Projeto Movimento e Vitalidade (P\u00fablico S\u00eanior):<\/b> Sou idealizadora de uma metodologia integrativa que une a sabedoria milenar chinesa, o toque da automassagem e a express\u00e3o art\u00edstica para promover o envelhecimento ativo. Atuo h\u00e1 4 anos como instrutora no projeto <b data-path-to-node=\"8,2,0\" data-index-in-node=\"262\">Maturidade Ativa do SESC Caxias do Sul<\/b>, com resultados comprovados na melhora da postura, equil\u00edbrio e bem-estar emocional dos participantes. Atualmente, curso o Superior em <b data-path-to-node=\"8,2,0\" data-index-in-node=\"436\">Gerontologia<\/b>, aprofundando o olhar t\u00e9cnico sobre as necessidades e potencialidades desta fase da vida.<\/p>\n<\/li>\n<\/ul>\n<p data-path-to-node=\"9\"><b data-path-to-node=\"9\" data-index-in-node=\"0\">Diferenciais da Jornada:<\/b> Minha abordagem \u00e9 enriquecida por experi\u00eancias que trazem sensibilidade ao atendimento: as experi\u00eancias com os <b data-path-to-node=\"9\" data-index-in-node=\"136\">C\u00edrculos de Constru\u00e7\u00e3o de Paz<\/b>, que garantem um <b data-path-to-node=\"9\" data-index-in-node=\"183\">espa\u00e7o de escuta e acolhimento seguro<\/b>, e minha trajet\u00f3ria de mais de 10 anos como percussionista, que me ensinou a perceber o ritmo e o fluxo \u2014 elementos que utilizo para criar um ambiente alegre e envolvente em cada aula e sess\u00e3o.<\/p>\n<p data-path-to-node=\"10\"><b data-path-to-node=\"10\" data-index-in-node=\"0\">Como podemos caminhar juntos:<\/b><\/p>\n<ul data-path-to-node=\"11\">\n<li>\n<p data-path-to-node=\"11,0,0\">Atendimentos cl\u00ednicos de Acupuntura e Massoterapia (consult\u00f3rio e domic\u00edlio).<\/p>\n<\/li>\n<li>\n<p data-path-to-node=\"11,1,0\">Aulas da oficina <b data-path-to-node=\"11,1,0\" data-index-in-node=\"17\">Movimento e Vitalidade<\/b> para grupos (SESC, condom\u00ednios e centros de conviv\u00eancia).<\/p>\n<\/li>\n<li>\n<p data-path-to-node=\"11,2,0\">Cursos e workshops online e presenciais de Qi Gong e Lian Gong.<\/p>\n<\/li>\n<\/ul>\n<p data-path-to-node=\"12\">Meu compromisso \u00e9 oferecer um cuidado acolhedor, unindo t\u00e9cnicas orientais e manuais para ajudar voc\u00ea a reencontrar seu pr\u00f3prio ritmo e sa\u00fade.<\/p>\n<p><\/p>\t\t\t\t\t\t<\/div>\n\t\t\t\t<\/div>\n\t\t\t\t<\/div>\n\t\t\t\t<div class=\"elementor-element elementor-element-27a77d8 elementor-widget elementor-widget-image\" data-id=\"27a77d8\" data-element_type=\"widget\" data-widget_type=\"image.default\">\n\t\t\t\t<div class=\"elementor-widget-container\">\n\t\t\t<style>\/*! elementor - v3.11.3 - 07-03-2023 *\/\n.elementor-widget-image{text-align:center}.elementor-widget-image a{display:inline-block}.elementor-widget-image a img[src$=\".svg\"]{width:48px}.elementor-widget-image img{vertical-align:middle;display:inline-block}<\/style>\t\t\t\t\t\t\t\t\t\t\t\t<img decoding=\"async\" width=\"755\" height=\"750\" src=\"https:\/\/sandrakuwer.com.br\/wp-content\/uploads\/2023\/03\/SITE_sandra-kuwer_dinha.png\" class=\"attachment-full size-full wp-image-76\" alt=\"\" loading=\"lazy\" srcset=\"https:\/\/sandrakuwer.com.br\/wp-content\/uploads\/2023\/03\/SITE_sandra-kuwer_dinha.png 755w, https:\/\/sandrakuwer.com.br\/wp-content\/uploads\/2023\/03\/SITE_sandra-kuwer_dinha-300x298.png 300w, https:\/\/sandrakuwer.com.br\/wp-content\/uploads\/2023\/03\/SITE_sandra-kuwer_dinha-150x150.png 150w, https:\/\/sandrakuwer.com.br\/wp-content\/uploads\/2023\/03\/SITE_sandra-kuwer_dinha-600x596.png 600w\" sizes=\"(max-width: 755px) 100vw, 755px\" \/>\t\t\t\t\t\t\t\t\t\t\t\t\t\t\t<\/div>\n\t\t\t\t<\/div>\n\t\t\t\t\t<\/div>\n\t\t\t\t<\/div>\n\t\t\t\t\t\t\t<\/div>\n\t\t","protected":false},"excerpt":{"rendered":"<p>Ol\u00e1, sou a Sandra Kuwer Sou Terapeuta de Sa\u00fade Integrativa com 20 anos de experi\u00eancia dedicados \u00e0 promo\u00e7\u00e3o da longevidade e vitalidade. Minha pr\u00e1tica une a sabedoria das artes corporais orientais, como o Qi Gong, \u00e0 fundamenta\u00e7\u00e3o t\u00e9cnica da Massoterapia Cl\u00ednica e aos estudos em Gerontologia. Acredito que a sa\u00fade integral nasce do equil\u00edbrio entre o corpo, a mente e a circula\u00e7\u00e3o da nossa energia vital. Por isso, minha jornada \u00e9 pautada pelo estudo cont\u00ednuo e pela integra\u00e7\u00e3o de saberes que promovem o bem-estar real e a autonomia de cada indiv\u00edduo. Minha Base de Atua\u00e7\u00e3o: Artes Corporais Chinesas e MTC: Sou professora e instrutora de Qi Gong e Lian Gong em 18 Terapias, formada pelo Instituto Wulindao e Associa\u00e7\u00e3o Brasileira de LG18T, al\u00e9m de estudos com a pesquisadora Maria Lucia Lee. Complemento esse cuidado com a pr\u00e1tica da Acupuntura e Auriculoterapia, ferramentas fundamentais para o reequil\u00edbrio energ\u00e9tico e tratamento de dores. Massoterapia Cl\u00ednica: Com duas d\u00e9cadas de experi\u00eancia, utilizo o toque terap\u00eautico para oferecer al\u00edvio, presen\u00e7a e recupera\u00e7\u00e3o f\u00edsica. Minha forma\u00e7\u00e3o inclui Massoterapia, Thai Massage, Libera\u00e7\u00e3o Miofacial, New Seitai. Projeto Movimento e Vitalidade (P\u00fablico S\u00eanior): Sou idealizadora de uma metodologia integrativa que une a sabedoria milenar chinesa, o toque da automassagem e a express\u00e3o art\u00edstica para promover o envelhecimento ativo. Atuo h\u00e1 4 anos como instrutora no projeto Maturidade Ativa do SESC Caxias do Sul, com resultados comprovados na melhora da postura, equil\u00edbrio e bem-estar emocional dos participantes. Atualmente, curso o Superior em Gerontologia, aprofundando o olhar t\u00e9cnico sobre as necessidades e potencialidades desta fase da vida. Diferenciais da Jornada: Minha abordagem \u00e9 enriquecida por experi\u00eancias que trazem sensibilidade ao atendimento: as experi\u00eancias com os C\u00edrculos de Constru\u00e7\u00e3o de Paz, que garantem um espa\u00e7o de escuta e acolhimento seguro, e minha trajet\u00f3ria de mais de 10 anos como percussionista, que me ensinou a perceber o ritmo e o fluxo \u2014 elementos que utilizo para criar um ambiente alegre e envolvente em cada aula e sess\u00e3o. Como podemos caminhar juntos: Atendimentos cl\u00ednicos de Acupuntura e Massoterapia (consult\u00f3rio e domic\u00edlio). Aulas da oficina Movimento e Vitalidade para grupos (SESC, condom\u00ednios e centros de conviv\u00eancia). Cursos e workshops online e presenciais de Qi Gong e Lian Gong. Meu compromisso \u00e9 oferecer um cuidado acolhedor, unindo t\u00e9cnicas orientais e manuais para ajudar voc\u00ea a reencontrar seu pr\u00f3prio ritmo e sa\u00fade.<\/p>\n","protected":false},"author":1,"featured_media":0,"parent":0,"menu_order":0,"comment_status":"closed","ping_status":"closed","template":"elementor_header_footer","meta":[],"_links":{"self":[{"href":"https:\/\/sandrakuwer.com.br\/index.php\/wp-json\/wp\/v2\/pages\/543"}],"collection":[{"href":"https:\/\/sandrakuwer.com.br\/index.php\/wp-json\/wp\/v2\/pages"}],"about":[{"href":"https:\/\/sandrakuwer.com.br\/index.php\/wp-json\/wp\/v2\/types\/page"}],"author":[{"embeddable":true,"href":"https:\/\/sandrakuwer.com.br\/index.php\/wp-json\/wp\/v2\/users\/1"}],"replies":[{"embeddable":true,"href":"https:\/\/sandrakuwer.com.br\/index.php\/wp-json\/wp\/v2\/comments?post=543"}],"version-history":[{"count":73,"href":"https:\/\/sandrakuwer.com.br\/index.php\/wp-json\/wp\/v2\/pages\/543\/revisions"}],"predecessor-version":[{"id":1136,"href":"https:\/\/sandrakuwer.com.br\/index.php\/wp-json\/wp\/v2\/pages\/543\/revisions\/1136"}],"wp:attachment":[{"href":"https:\/\/sandrakuwer.com.br\/index.php\/wp-json\/wp\/v2\/media?parent=543"}],"curies":[{"name":"wp","href":"https:\/\/api.w.org\/{rel}","templated":true}]}}